{"id":163,"date":"2015-05-07T17:12:33","date_gmt":"2015-05-07T15:12:33","guid":{"rendered":"http:\/\/www.seinajokirugby.fi\/?page_id=163"},"modified":"2025-02-09T17:22:20","modified_gmt":"2025-02-09T15:22:20","slug":"etusivu-2","status":"publish","type":"page","link":"https:\/\/www.seinajokirugby.fi\/","title":{"rendered":"Etusivu"},"content":{"rendered":"\n<hr class=\"wp-block-separator has-alpha-channel-opacity\"\/>\n\n\n\n<h3 class=\"wp-block-heading has-text-align-center\">Rugby on&nbsp; my\u00f6s Sein\u00e4joella, joten tule mukaan seuraamaan!<\/h3>\n\n\n\n<h3 class=\"wp-block-heading has-text-align-center\">Sein\u00e4joki Rugby ry aloitti toimintansa helmikuussa 2014 ja ensimm\u00e4iset harjoitukset j\u00e4rjestettiin saman vuoden toukokuussa.<\/h3>\n\n\n\n<h3 class=\"wp-block-heading has-text-align-center\">Seurassamme on reilu yli 30 aktiivista j\u00e4sent\u00e4 ja j\u00e4senm\u00e4\u00e4r\u00e4\u00e4 pyrit\u00e4\u00e4n kasvattamaan jatkuvasti.Treenaamme ymp\u00e4ri vuoden ja harjoittelemme tavoitteellisesti.<\/h3>\n\n\n\n<h3 class=\"wp-block-heading has-text-align-center\">J\u00e4rjest\u00e4mme lajista kiinnostuneille my\u00f6s tutustumisp\u00e4ivi\u00e4 lajiin.<\/h3>\n\n\n\n<h3 class=\"wp-block-heading has-text-align-center\">Sein\u00e4joki Rugbyn toimintaan p\u00e4\u00e4see mukaan osallistumalla treeneihin tai tutustumisp\u00e4iville. Ota rohkeasti yhteytt\u00e4 esimerkiksi somen kautta!<\/h3>\n\n\n\n<h3 class=\"wp-block-heading has-text-align-center\">Seuraa ajankohtaista toimintaamme <a href=\"https:\/\/www.facebook.com\/seinajokirugby\/?ref=aymt_homepage_panel\">Facebookista<\/a> <a href=\"https:\/\/www.instagram.com\/seinajokirugby\/\">Instagramista<\/a> <a href=\"https:\/\/www.tiktok.com\/@seinajokirugby\" data-type=\"link\" data-id=\"https:\/\/www.tiktok.com\/@seinajokirugby\">TikTok<\/a>!<\/h3>\n\n\n\n\n\n<hr class=\"wp-block-separator has-alpha-channel-opacity\"\/>\n\n\n\n<h3 class=\"wp-block-heading has-text-align-center\">..<em>Oletko Sin\u00e4 kiinnostunut rugbysta? Sein\u00e4joki Rugby on kiinnostunut Sinusta!<\/em>..<\/h3>\n\n\n\n<p class=\"has-medium-font-size\">Rugby sopii kaiken kokoisille ja eri taustaisille pelaajille. Voit olla lajinvaihtaja, tai voit aloittaa urheilu-urasi rugbyn parissa. Seurojen harjoituksissa opit lajin perusteet ja turvalliset tekniikat.<\/p>\n\n\n\n<p class=\"has-medium-font-size\">T\u00e4ll\u00e4 hetkell\u00e4 eri puolella Suomea kasataan seurojen junioriryhmi\u00e4. Yhteisi\u00e4 junioritapahtumia j\u00e4rjestet\u00e4\u00e4n mahdollisimman paljon, jotta pelaajat p\u00e4\u00e4sisiv\u00e4t harjoittelemaan ja pelaamaan toisten seurojen pelaajien kanssa. Tavoitteena on my\u00f6s p\u00e4\u00e4st\u00e4 pelaamaan juniorisarjoja.<\/p>\n\n\n\n<p class=\"has-text-align-center has-medium-font-size\"><strong><a href=\"https:\/\/finland.rugby\/wp-content\/uploads\/2024\/11\/200856eb6db35e17f65e5c1550afe466745484_.pdf\" data-type=\"link\" data-id=\"https:\/\/finland.rugby\/wp-content\/uploads\/2024\/11\/200856eb6db35e17f65e5c1550afe466745484_.pdf\">ALOITTELIJAN OPAS<\/a><\/strong><\/p>\n\n\n<div class=\"wp-block-image\">\n<figure class=\"aligncenter\"><a href=\"http:\/\/www.seinajokirugby.fi\/wp\/wp-content\/uploads\/2015\/05\/adad.jpg\"><img loading=\"lazy\" decoding=\"async\" width=\"1024\" height=\"657\" src=\"http:\/\/www.seinajokirugby.fi\/wp\/wp-content\/uploads\/2015\/05\/adad-1024x657.jpg\" alt=\"adad\" class=\"wp-image-768\" srcset=\"https:\/\/www.seinajokirugby.fi\/wp-content\/uploads\/2015\/05\/adad-1024x657.jpg 1024w, https:\/\/www.seinajokirugby.fi\/wp-content\/uploads\/2015\/05\/adad-300x192.jpg 300w, https:\/\/www.seinajokirugby.fi\/wp-content\/uploads\/2015\/05\/adad-768x492.jpg 768w, https:\/\/www.seinajokirugby.fi\/wp-content\/uploads\/2015\/05\/adad.jpg 1600w\" sizes=\"auto, (max-width: 1024px) 100vw, 1024px\" \/><\/a><\/figure><\/div>\n\n\n<p class=\"has-text-align-center\"><\/p>\n\n\n\n<figure class=\"wp-block-gallery has-nested-images columns-default is-cropped wp-block-gallery-1 is-layout-flex wp-block-gallery-is-layout-flex\"><\/figure>\n","protected":false},"excerpt":{"rendered":"<p>Rugby on&nbsp; my\u00f6s Sein\u00e4joella, joten tule mukaan seuraamaan! Sein\u00e4joki Rugby ry aloitti toimintansa helmikuussa 2014 ja ensimm\u00e4iset harjoitukset j\u00e4rjestettiin saman vuoden toukokuussa. Seurassamme on reilu yli 30 aktiivista j\u00e4sent\u00e4 ja [&hellip;]<\/p>\n","protected":false},"author":2,"featured_media":0,"parent":0,"menu_order":0,"comment_status":"closed","ping_status":"open","template":"page-templates\/full-width.php","meta":{"_monsterinsights_skip_tracking":false,"_monsterinsights_sitenote_active":false,"_monsterinsights_sitenote_note":"","_monsterinsights_sitenote_category":0,"footnotes":""},"class_list":["post-163","page","type-page","status-publish","hentry"],"_links":{"self":[{"href":"https:\/\/www.seinajokirugby.fi\/index.php?rest_route=\/wp\/v2\/pages\/163","targetHints":{"allow":["GET"]}}],"collection":[{"href":"https:\/\/www.seinajokirugby.fi\/index.php?rest_route=\/wp\/v2\/pages"}],"about":[{"href":"https:\/\/www.seinajokirugby.fi\/index.php?rest_route=\/wp\/v2\/types\/page"}],"author":[{"embeddable":true,"href":"https:\/\/www.seinajokirugby.fi\/index.php?rest_route=\/wp\/v2\/users\/2"}],"replies":[{"embeddable":true,"href":"https:\/\/www.seinajokirugby.fi\/index.php?rest_route=%2Fwp%2Fv2%2Fcomments&post=163"}],"version-history":[{"count":36,"href":"https:\/\/www.seinajokirugby.fi\/index.php?rest_route=\/wp\/v2\/pages\/163\/revisions"}],"predecessor-version":[{"id":1316,"href":"https:\/\/www.seinajokirugby.fi\/index.php?rest_route=\/wp\/v2\/pages\/163\/revisions\/1316"}],"wp:attachment":[{"href":"https:\/\/www.seinajokirugby.fi\/index.php?rest_route=%2Fwp%2Fv2%2Fmedia&parent=163"}],"curies":[{"name":"wp","href":"https:\/\/api.w.org\/{rel}","templated":true}]}}